{"id":972,"date":"2025-11-15T08:25:01","date_gmt":"2025-11-15T08:25:01","guid":{"rendered":"http:\/\/tr.jobotic-system.ai\/?page_id=972"},"modified":"2025-11-17T12:25:48","modified_gmt":"2025-11-17T12:25:48","slug":"bedingungen-und-konditionen","status":"publish","type":"page","link":"https:\/\/tr.jobotic-system.ai\/de\/bedingungen-und-konditionen\/","title":{"rendered":"Bedingungen und Konditionen"},"content":{"rendered":"<div data-elementor-type=\"wp-page\" data-elementor-id=\"972\" class=\"elementor elementor-972\" data-elementor-post-type=\"page\">\n\t\t\t\t<div class=\"elementor-element elementor-element-c3027e6 e-flex e-con-boxed e-con e-parent\" data-id=\"c3027e6\" data-element_type=\"container\" data-settings=\"{&quot;background_background&quot;:&quot;slideshow&quot;,&quot;background_slideshow_gallery&quot;:[{&quot;id&quot;:338,&quot;url&quot;:&quot;http:\\\/\\\/tr.jobotic-system.ai\\\/wp-content\\\/uploads\\\/2025\\\/10\\\/ai-for-social-protection-background-copy.png&quot;}],&quot;background_slideshow_loop&quot;:&quot;yes&quot;,&quot;background_slideshow_slide_duration&quot;:5000,&quot;background_slideshow_slide_transition&quot;:&quot;fade&quot;,&quot;background_slideshow_transition_duration&quot;:500}\">\n\t\t\t\t\t<div class=\"e-con-inner\">\n\t\t\t\t<div class=\"elementor-element elementor-element-dbe3a1c elementor-widget elementor-widget-heading\" data-id=\"dbe3a1c\" data-element_type=\"widget\" data-widget_type=\"heading.default\">\n\t\t\t\t\t<h1 class=\"elementor-heading-title elementor-size-default\">Impressum &amp; Allgemeine Gesch\u00e4ftsbedingungen<\/h1>\t\t\t\t<\/div>\n\t\t\t\t\t<\/div>\n\t\t\t\t<\/div>\n\t\t<div class=\"elementor-element elementor-element-b212d6e e-flex e-con-boxed e-con e-parent\" data-id=\"b212d6e\" data-element_type=\"container\">\n\t\t\t\t\t<div class=\"e-con-inner\">\n\t\t\t\t<div class=\"elementor-element elementor-element-c563298 elementor-widget elementor-widget-text-editor\" data-id=\"c563298\" data-element_type=\"widget\" data-widget_type=\"text-editor.default\">\n\t\t\t\t\t\t\t\t\t<p data-start=\"233\" data-end=\"450\"><span dir=\"auto\">Weitere Informationen und produktspezifische Vorschriften finden Sie unter\u00a0<\/span><a class=\"\" href=\"http:\/\/tr.jobotic-system.ai\/de\/\" target=\"_new\" rel=\"noopener\" data-start=\"300\" data-end=\"355\"><span dir=\"auto\">www.jobotic-systems.ai<\/span><\/a><span dir=\"auto\">\u00a0.<\/span><br data-start=\"366\" data-end=\"369\" \/><span dir=\"auto\">Auf alle Vertragsverh\u00e4ltnisse ist ausschliesslich schweizerisches Recht anwendbar.<\/span><\/p><p data-start=\"452\" data-end=\"669\"><span dir=\"auto\">Die Abrechnung erfolgt monatlich nach Verbrauch; insbesondere die KI-gest\u00fctzten Gespr\u00e4chsdienste des Systems werden im Folgemonat in Rechnung gestellt und sind innerhalb von 14 Tagen per \u00dcberweisung zu bezahlen.<\/span><\/p><p data-start=\"671\" data-end=\"983\"><span dir=\"auto\">Im Falle eines Zahlungsverzugs behalten wir uns das Recht vor, den Dienst nach einer Mahnung auszusetzen oder zu beenden.<\/span><br data-start=\"790\" data-end=\"793\" \/><span dir=\"auto\">Vertr\u00e4ge \u00fcber die Nutzung von Jobotic Systems k\u00f6nnen mit einer Frist von vier Wochen zum Monatsende gek\u00fcndigt werden; bei gr\u00f6\u00dferen Projekten gelten individuell vereinbarte K\u00fcndigungsfristen.<\/span><\/p><p data-start=\"985\" data-end=\"1146\"><strong data-start=\"985\" data-end=\"998\"><span dir=\"auto\">Jobotic Systeme<\/span><br \/><\/strong><br data-start=\"998\" data-end=\"1001\" \/><span dir=\"auto\">3 Abs. 1 lit. s des Gesetzes gegen den unlauteren Wettbewerb (UWG) und Art. 322 des Schweizerischen Obligationenrechts (OR) zu informieren.<\/span><\/p><p data-start=\"215\" data-end=\"346\"><strong data-start=\"215\" data-end=\"264\"><span dir=\"auto\">Verantwortlich f\u00fcr den Inhalt dieser Website:<\/span><\/strong><br data-start=\"264\" data-end=\"267\" \/><span dir=\"auto\">Jobotic Systems AG,<\/span><br \/><span dir=\"auto\">Stansstaderstrasse 90<\/span><br \/><span dir=\"auto\">, CH-6370 Stans<\/span><\/p><p data-start=\"348\" data-end=\"473\"><strong data-start=\"348\" data-end=\"375\"><span dir=\"auto\">Eintrag ins Handelsregister:<\/span><\/strong><br data-start=\"375\" data-end=\"378\" \/><span dir=\"auto\">Eingetragen im Handelsregister des Kantons Nidwalden.<\/span><br data-start=\"430\" data-end=\"433\" \/><span dir=\"auto\">Handelsregisternummer: CHE-301.773.916<\/span><\/p><p data-start=\"475\" data-end=\"543\"><strong data-start=\"475\" data-end=\"487\"><span dir=\"auto\">Kontakt:<\/span><\/strong><br data-start=\"487\" data-end=\"490\" \/><span dir=\"auto\">E-Mail:\u00a0<\/span><a class=\"cursor-pointer\" rel=\"noopener\" data-start=\"1091\" data-end=\"1146\"><span dir=\"auto\">info@jobotic-system.ai<\/span><\/a><br data-start=\"513\" data-end=\"516\" \/><span dir=\"auto\">Telefon: +41 79 174 81 05<\/span><\/p><p data-start=\"545\" data-end=\"744\"><strong data-start=\"545\" data-end=\"568\"><span dir=\"auto\">Haftungsausschluss:<\/span><\/strong><br data-start=\"568\" data-end=\"571\" \/><span dir=\"auto\">Die Inhalte dieser Website werden mit gr\u00f6\u00dftm\u00f6glicher Sorgfalt erstellt. F\u00fcr die Richtigkeit, Vollst\u00e4ndigkeit und Aktualit\u00e4t der Inhalte kann jedoch keine Gew\u00e4hr \u00fcbernommen werden.<\/span><\/p><p data-start=\"746\" data-end=\"1068\"><strong data-start=\"746\" data-end=\"764\"><span dir=\"auto\">Copyright:<\/span><\/strong><br data-start=\"764\" data-end=\"767\" \/><span dir=\"auto\">Das Copyright und alle anderen Rechte an Inhalten, Bildern, Fotos oder anderen Dateien auf dieser Website geh\u00f6ren ausschliesslich der Jobotic Systems AG oder den namentlich genannten Rechtsinhabern. F\u00fcr die Reproduktion jeglicher Elemente ist die vorherige schriftliche Zustimmung der Rechteinhaber erforderlich.<\/span><\/p>\t\t\t\t\t\t\t\t<\/div>\n\t\t\t\t\t<\/div>\n\t\t\t\t<\/div>\n\t\t\t\t<\/div>","protected":false},"excerpt":{"rendered":"<p>Legal Notice &amp; Terms and Conditions Further information and product-specific regulations can be found at\u00a0www.jobotic-systems.ai\u00a0.All contractual relationships are governed exclusively by Swiss law. Billing is done monthly based on usage; in particular, AI-supported conversation services of the system are invoiced in the following month and must be paid within 14 days by bank transfer. In [&hellip;]<\/p>","protected":false},"author":1,"featured_media":0,"parent":0,"menu_order":0,"comment_status":"closed","ping_status":"closed","template":"elementor_header_footer","meta":{"footnotes":""},"class_list":["post-972","page","type-page","status-publish","hentry"],"_links":{"self":[{"href":"https:\/\/tr.jobotic-system.ai\/de\/wp-json\/wp\/v2\/pages\/972","targetHints":{"allow":["GET"]}}],"collection":[{"href":"https:\/\/tr.jobotic-system.ai\/de\/wp-json\/wp\/v2\/pages"}],"about":[{"href":"https:\/\/tr.jobotic-system.ai\/de\/wp-json\/wp\/v2\/types\/page"}],"author":[{"embeddable":true,"href":"https:\/\/tr.jobotic-system.ai\/de\/wp-json\/wp\/v2\/users\/1"}],"replies":[{"embeddable":true,"href":"https:\/\/tr.jobotic-system.ai\/de\/wp-json\/wp\/v2\/comments?post=972"}],"version-history":[{"count":10,"href":"https:\/\/tr.jobotic-system.ai\/de\/wp-json\/wp\/v2\/pages\/972\/revisions"}],"predecessor-version":[{"id":982,"href":"https:\/\/tr.jobotic-system.ai\/de\/wp-json\/wp\/v2\/pages\/972\/revisions\/982"}],"wp:attachment":[{"href":"https:\/\/tr.jobotic-system.ai\/de\/wp-json\/wp\/v2\/media?parent=972"}],"curies":[{"name":"wp","href":"https:\/\/api.w.org\/{rel}","templated":true}]}}